{"id":12739,"date":"2021-08-25T07:26:28","date_gmt":"2021-08-25T03:26:28","guid":{"rendered":"https:\/\/site.e-soft.az\/about-us\/"},"modified":"2025-10-31T13:26:53","modified_gmt":"2025-10-31T09:26:53","slug":"about-us","status":"publish","type":"page","link":"https:\/\/site.e-soft.az\/az\/about-us\/","title":{"rendered":"Haqq\u00c4\u00b1m\u00c4\u00b1zda"},"content":{"rendered":"<div class=\"wpb-content-wrapper\"><p>[vc_row full_width=&#8221;stretch_row_content&#8221; woodmart_stretch_content=&#8221;section-stretch-content&#8221; woodmart_css_id=&#8221;69047ae8c316d&#8221; responsive_spacing=&#8221;eyJwYXJhbV90eXBlIjoid29vZG1hcnRfcmVzcG9uc2l2ZV9zcGFjaW5nIiwic2VsZWN0b3JfaWQiOiI2OTA0N2FlOGMzMTZkIiwic2hvcnRjb2RlIjoidmNfcm93IiwiZGF0YSI6eyJ0YWJsZXQiOnt9LCJtb2JpbGUiOnt9fX0=&#8221; mobile_bg_img_hidden=&#8221;no&#8221; tablet_bg_img_hidden=&#8221;no&#8221; woodmart_parallax=&#8221;0&#8243; woodmart_gradient_switch=&#8221;no&#8221; woodmart_box_shadow=&#8221;no&#8221; wd_z_index=&#8221;no&#8221; woodmart_disable_overflow=&#8221;0&#8243; row_reverse_mobile=&#8221;0&#8243; row_reverse_tablet=&#8221;0&#8243;][vc_column width=&#8221;1\/3&#8243;]\t\t<div id=\"gallery_889\" class=\"wd-images-gallery wd-wpb wd-rs-69047aef3f1ce photoswipe-images wd-carousel-container wd-wpb\" style=\"--wd-justify-content:center;--wd-align-items:center;\">\n\t\t\t\t\t\t\t<div class=\"wd-carousel-inner\">\n\t\t\t\n\t\t\t<div class=\" wd-carousel wd-grid\"data-speed=\"3000\" data-wrap=\"yes\" data-autoplay=\"yes\" data-scroll_per_page=\"yes\" style=\"--wd-col-lg:1;--wd-col-md:1;--wd-col-sm:1;--wd-gap-lg:0px;\">\n\t\t\t\t\t\t\t\t\t<div class=\"wd-carousel-wrap\">\n\t\t\t\t\n\t\t\t\t\t\t\t\t\t\t\t\t\t\t\t<div class=\"wd-gallery-item wd-carousel-item\">\n\t\t\t\t\t\t\t\t\t\t\t\t\t\t<a href=\"https:\/\/site.e-soft.az\/wp-content\/uploads\/2025\/10\/zz-sekiller-4.jpg\" data-elementor-open-lightbox=\"no\" data-index=\"1\" data-width=\"1920\" data-height=\"1080\" \n\t\t\t\t\t\t\t\t\t\t\t\t >\n\t\t\t\t\t\t\t\t\n\t\t\t\t\t\t\t\t<img loading=\"lazy\" decoding=\"async\" width=\"1920\" height=\"1080\" src=\"https:\/\/site.e-soft.az\/wp-content\/uploads\/2025\/10\/zz-sekiller-4.jpg\" class=\"wd-gallery-image image-1\" alt=\"\" srcset=\"https:\/\/site.e-soft.az\/wp-content\/uploads\/2025\/10\/zz-sekiller-4.jpg 1920w, https:\/\/site.e-soft.az\/wp-content\/uploads\/2025\/10\/zz-sekiller-4-400x225.jpg 400w, https:\/\/site.e-soft.az\/wp-content\/uploads\/2025\/10\/zz-sekiller-4-1300x731.jpg 1300w, https:\/\/site.e-soft.az\/wp-content\/uploads\/2025\/10\/zz-sekiller-4-768x432.jpg 768w, https:\/\/site.e-soft.az\/wp-content\/uploads\/2025\/10\/zz-sekiller-4-1536x864.jpg 1536w, https:\/\/site.e-soft.az\/wp-content\/uploads\/2025\/10\/zz-sekiller-4-430x242.jpg 430w, https:\/\/site.e-soft.az\/wp-content\/uploads\/2025\/10\/zz-sekiller-4-700x394.jpg 700w, https:\/\/site.e-soft.az\/wp-content\/uploads\/2025\/10\/zz-sekiller-4-150x84.jpg 150w\" sizes=\"auto, (max-width: 1920px) 100vw, 1920px\" \/>\n\t\t\t\t\t\t\t\t\t\t\t\t\t\t\t<\/a>\n\t\t\t\t\t\t\t\t\t\t\t\t<\/div>\n\t\t\t\t\t\t\t\t\t\t\t<div class=\"wd-gallery-item wd-carousel-item\">\n\t\t\t\t\t\t\t\t\t\t\t\t\t\t<a href=\"https:\/\/site.e-soft.az\/wp-content\/uploads\/2025\/10\/zz-sekiller-3.jpg\" data-elementor-open-lightbox=\"no\" data-index=\"2\" data-width=\"1920\" data-height=\"1080\" \n\t\t\t\t\t\t\t\t\t\t\t\t >\n\t\t\t\t\t\t\t\t\n\t\t\t\t\t\t\t\t<img loading=\"lazy\" decoding=\"async\" width=\"1920\" height=\"1080\" src=\"https:\/\/site.e-soft.az\/wp-content\/uploads\/2025\/10\/zz-sekiller-3.jpg\" class=\"wd-gallery-image image-2\" alt=\"\" srcset=\"https:\/\/site.e-soft.az\/wp-content\/uploads\/2025\/10\/zz-sekiller-3.jpg 1920w, https:\/\/site.e-soft.az\/wp-content\/uploads\/2025\/10\/zz-sekiller-3-400x225.jpg 400w, https:\/\/site.e-soft.az\/wp-content\/uploads\/2025\/10\/zz-sekiller-3-1300x731.jpg 1300w, https:\/\/site.e-soft.az\/wp-content\/uploads\/2025\/10\/zz-sekiller-3-768x432.jpg 768w, https:\/\/site.e-soft.az\/wp-content\/uploads\/2025\/10\/zz-sekiller-3-1536x864.jpg 1536w, https:\/\/site.e-soft.az\/wp-content\/uploads\/2025\/10\/zz-sekiller-3-430x242.jpg 430w, https:\/\/site.e-soft.az\/wp-content\/uploads\/2025\/10\/zz-sekiller-3-700x394.jpg 700w, https:\/\/site.e-soft.az\/wp-content\/uploads\/2025\/10\/zz-sekiller-3-150x84.jpg 150w\" sizes=\"auto, (max-width: 1920px) 100vw, 1920px\" \/>\n\t\t\t\t\t\t\t\t\t\t\t\t\t\t\t<\/a>\n\t\t\t\t\t\t\t\t\t\t\t\t<\/div>\n\t\t\t\t\t\t\t\t\t\t\t<div class=\"wd-gallery-item wd-carousel-item\">\n\t\t\t\t\t\t\t\t\t\t\t\t\t\t<a href=\"https:\/\/site.e-soft.az\/wp-content\/uploads\/2025\/10\/zz-sekiller-2.jpg\" data-elementor-open-lightbox=\"no\" data-index=\"3\" data-width=\"1920\" data-height=\"1080\" \n\t\t\t\t\t\t\t\t\t\t\t\t >\n\t\t\t\t\t\t\t\t\n\t\t\t\t\t\t\t\t<img loading=\"lazy\" decoding=\"async\" width=\"1920\" height=\"1080\" src=\"https:\/\/site.e-soft.az\/wp-content\/uploads\/2025\/10\/zz-sekiller-2.jpg\" class=\"wd-gallery-image image-3\" alt=\"\" srcset=\"https:\/\/site.e-soft.az\/wp-content\/uploads\/2025\/10\/zz-sekiller-2.jpg 1920w, https:\/\/site.e-soft.az\/wp-content\/uploads\/2025\/10\/zz-sekiller-2-400x225.jpg 400w, https:\/\/site.e-soft.az\/wp-content\/uploads\/2025\/10\/zz-sekiller-2-1300x731.jpg 1300w, https:\/\/site.e-soft.az\/wp-content\/uploads\/2025\/10\/zz-sekiller-2-768x432.jpg 768w, https:\/\/site.e-soft.az\/wp-content\/uploads\/2025\/10\/zz-sekiller-2-1536x864.jpg 1536w, https:\/\/site.e-soft.az\/wp-content\/uploads\/2025\/10\/zz-sekiller-2-430x242.jpg 430w, https:\/\/site.e-soft.az\/wp-content\/uploads\/2025\/10\/zz-sekiller-2-700x394.jpg 700w, https:\/\/site.e-soft.az\/wp-content\/uploads\/2025\/10\/zz-sekiller-2-150x84.jpg 150w\" sizes=\"auto, (max-width: 1920px) 100vw, 1920px\" \/>\n\t\t\t\t\t\t\t\t\t\t\t\t\t\t\t<\/a>\n\t\t\t\t\t\t\t\t\t\t\t\t<\/div>\n\t\t\t\t\t\t\t\t\t\t\t<div class=\"wd-gallery-item wd-carousel-item\">\n\t\t\t\t\t\t\t\t\t\t\t\t\t\t<a href=\"https:\/\/site.e-soft.az\/wp-content\/uploads\/2025\/10\/zz-sekil-1.jpg\" data-elementor-open-lightbox=\"no\" data-index=\"4\" data-width=\"1920\" data-height=\"1080\" \n\t\t\t\t\t\t\t\t\t\t\t\t >\n\t\t\t\t\t\t\t\t\n\t\t\t\t\t\t\t\t<img loading=\"lazy\" decoding=\"async\" width=\"1920\" height=\"1080\" src=\"https:\/\/site.e-soft.az\/wp-content\/uploads\/2025\/10\/zz-sekil-1.jpg\" class=\"wd-gallery-image image-4\" alt=\"\" srcset=\"https:\/\/site.e-soft.az\/wp-content\/uploads\/2025\/10\/zz-sekil-1.jpg 1920w, https:\/\/site.e-soft.az\/wp-content\/uploads\/2025\/10\/zz-sekil-1-400x225.jpg 400w, https:\/\/site.e-soft.az\/wp-content\/uploads\/2025\/10\/zz-sekil-1-1300x731.jpg 1300w, https:\/\/site.e-soft.az\/wp-content\/uploads\/2025\/10\/zz-sekil-1-768x432.jpg 768w, https:\/\/site.e-soft.az\/wp-content\/uploads\/2025\/10\/zz-sekil-1-1536x864.jpg 1536w, https:\/\/site.e-soft.az\/wp-content\/uploads\/2025\/10\/zz-sekil-1-430x242.jpg 430w, https:\/\/site.e-soft.az\/wp-content\/uploads\/2025\/10\/zz-sekil-1-700x394.jpg 700w, https:\/\/site.e-soft.az\/wp-content\/uploads\/2025\/10\/zz-sekil-1-150x84.jpg 150w\" sizes=\"auto, (max-width: 1920px) 100vw, 1920px\" \/>\n\t\t\t\t\t\t\t\t\t\t\t\t\t\t\t<\/a>\n\t\t\t\t\t\t\t\t\t\t\t\t<\/div>\n\t\t\t\t\t\t\t\t\t\n\t\t\t\t\t\t\t\t\t<\/div>\n\t\t\t\t\t\t\t<\/div>\n\n\t\t\t\t\t\t\t\t\t\t\t\t\t\t<div class=\"wd-nav-arrows wd-pos-sep wd-hover-1 wd-icon-1\">\n\t\t\t<div class=\"wd-btn-arrow wd-prev wd-disabled\">\n\t\t\t\t<div class=\"wd-arrow-inner\"><\/div>\n\t\t\t<\/div>\n\t\t\t<div class=\"wd-btn-arrow wd-next\">\n\t\t\t\t<div class=\"wd-arrow-inner\"><\/div>\n\t\t\t<\/div>\n\t\t<\/div>\n\t\t\t\t\t\t\n\t\t\t\t<\/div>\n\n\t\t\t\t\t\t<div class=\"wd-nav-pagin-wrap text-center wd-style-shape wd-hide-md-sm wd-hide-sm\">\n\t\t\t<ul class=\"wd-nav-pagin\"><\/ul>\n\t\t<\/div>\n\t\t\t\t\t\t\t\t\t\t\t<\/div>\n\t\t[\/vc_column][vc_column width=&#8221;2\/3&#8243;][vc_column_text css=&#8221;&#8221; woodmart_inline=&#8221;no&#8221; text_larger=&#8221;no&#8221;]<\/p>\n<div>\n<div>\n<div>ZZ Motors est.1991 LLC 1991-ci ild\u00c9\u2122n etibar\u00c9\u2122n avtomobil ehtiyat hiss\u00c9\u2122l\u00c9\u2122ri bazar\u00c4\u00b1nda f\u00c9\u2122aliyy\u00c9\u2122t g\u00c3\u00b6st\u00c9\u2122r\u00c9\u2122r\u00c9\u2122k bu sah\u00c9\u2122d\u00c9\u2122 Az\u00c9\u2122rbaycan\u00c4\u00b1n \u00c9\u2122n tan\u00c4\u00b1nm\u00c4\u00b1\u00c5\u0178 \u00c5\u0178irk\u00c9\u2122tl\u00c9\u2122rind\u00c9\u2122n birin\u00c9\u2122 \u00c3\u00a7evrilmi\u00c5\u0178dir. F\u00c9\u2122aliyy\u00c9\u2122t\u00c9\u2122 ba\u00c5\u0178lad\u00c4\u00b1\u00c4\u0178\u00c4\u00b1m\u00c4\u00b1z ilk g\u00c3\u00bcnd\u00c9\u2122n \u00c9\u2122sas m\u00c9\u2122qs\u00c9\u2122dimiz m\u00c3\u00bc\u00c5\u0178t\u00c9\u2122ril\u00c9\u2122rimiz\u00c9\u2122 keyfiyy\u00c9\u2122tli, etibarl\u00c4\u00b1 v\u00c9\u2122 uzun\u00c3\u00b6m\u00c3\u00bcrl\u00c3\u00bc ehtiyat hiss\u00c9\u2122l\u00c9\u2122ri t\u00c9\u2122qdim etm\u00c9\u2122k olmu\u00c5\u0178dur.<\/div>\n<div><\/div>\n<div>ZZ Motors art\u00c4\u00b1q 34 ild\u00c9\u2122n \u00c3\u00a7oxdur ki, m\u00c3\u00bcxt\u00c9\u2122lif avtomobil markalar\u00c4\u00b1 \u00c3\u00bc\u00c3\u00a7\u00c3\u00bcn ehtiyat hiss\u00c9\u2122l\u00c9\u2122rinin sat\u00c4\u00b1\u00c5\u0178\u00c4\u00b1n\u00c4\u00b1 h\u00c9\u2122yata ke\u00c3\u00a7irir. \u00c4\u00b0ll\u00c9\u2122r \u00c9\u2122rzind\u00c9\u2122 qazand\u00c4\u00b1\u00c4\u0178\u00c4\u00b1m\u00c4\u00b1z t\u00c9\u2122cr\u00c3\u00bcb\u00c9\u2122, pe\u00c5\u0178\u00c9\u2122kar komandam\u00c4\u00b1z v\u00c9\u2122 geni\u00c5\u0178 m\u00c9\u2122hsul \u00c3\u00a7e\u00c5\u0178idimiz say\u00c9\u2122sind\u00c9\u2122 bu g\u00c3\u00bcn h\u00c9\u2122m f\u00c9\u2122rdi m\u00c3\u00bc\u00c5\u0178t\u00c9\u2122ril\u00c9\u2122rin, h\u00c9\u2122m d\u00c9\u2122 korporativ t\u00c9\u2122r\u00c9\u2122fda\u00c5\u0178lar\u00c4\u00b1n etibar\u00c4\u00b1n\u00c4\u00b1 qazanm\u00c4\u00b1\u00c5\u0178\u00c4\u00b1q.<\/div>\n<div>\u00c5\u017eirk\u00c9\u2122timizd\u00c9\u2122 m\u00c3\u00bcxt\u00c9\u2122lif markalara uy\u00c4\u0178un x\u00c3\u00bcsusi \u00c5\u0178\u00c3\u00b6b\u00c9\u2122l\u00c9\u2122r f\u00c9\u2122aliyy\u00c9\u2122t g\u00c3\u00b6st\u00c9\u2122rir:<\/div>\n<div>\u00e2\u20ac\u00a2Mercedes-Benz ehtiyat hiss\u00c9\u2122l\u00c9\u2122ri \u00c5\u0178\u00c3\u00b6b\u00c9\u2122si<\/div>\n<div>\u00e2\u20ac\u00a2BMW ehtiyat hiss\u00c9\u2122l\u00c9\u2122ri \u00c5\u0178\u00c3\u00b6b\u00c9\u2122si<\/div>\n<div>\u00e2\u20ac\u00a2Land Rover ehtiyat hiss\u00c9\u2122l\u00c9\u2122ri \u00c5\u0178\u00c3\u00b6b\u00c9\u2122si<\/div>\n<div>\u00e2\u20ac\u00a2VAG qrup (Volkswagen, Audi, Skoda, Seat) ehtiyat hiss\u00c9\u2122l\u00c9\u2122ri \u00c5\u0178\u00c3\u00b6b\u00c9\u2122si<\/div>\n<div>\u00e2\u20ac\u00a2Koreya avtomobill\u00c9\u2122ri ehtiyat hiss\u00c9\u2122l\u00c9\u2122ri \u00c5\u0178\u00c3\u00b6b\u00c9\u2122si<\/div>\n<div>\u00e2\u20ac\u00a2Yapon avtomobill\u00c9\u2122ri ehtiyat hiss\u00c9\u2122l\u00c9\u2122ri \u00c5\u0178\u00c3\u00b6b\u00c9\u2122si<\/div>\n<div><\/div>\n<div>ZZ Motors est.1991 LLC m\u00c3\u00bc\u00c5\u0178t\u00c9\u2122ril\u00c9\u2122rin\u00c9\u2122 h\u00c9\u2122m topdan, h\u00c9\u2122m d\u00c9\u2122 p\u00c9\u2122rak\u00c9\u2122nd\u00c9\u2122 sat\u00c4\u00b1\u00c5\u0178 \u00c3\u00bczr\u00c9\u2122 xidm\u00c9\u2122t g\u00c3\u00b6st\u00c9\u2122rir. Bizim \u00c3\u00bc\u00c3\u00a7\u00c3\u00bcn h\u00c9\u2122r bir m\u00c3\u00bc\u00c5\u0178t\u00c9\u2122ri d\u00c9\u2122y\u00c9\u2122rlidir v\u00c9\u2122 i\u00c5\u0178imizin m\u00c9\u2122rk\u00c9\u2122zind\u00c9\u2122 etibar, keyfiyy\u00c9\u2122t v\u00c9\u2122 davaml\u00c4\u00b1 \u00c9\u2122m\u00c9\u2122kda\u00c5\u0178l\u00c4\u00b1q dayan\u00c4\u00b1r.<\/div>\n<\/div>\n<\/div>\n<p>[\/vc_column_text][\/vc_column][\/vc_row]<\/p>\n<\/div>","protected":false},"excerpt":{"rendered":"<p>[vc_row full_width=&#8221;stretch_row_content&#8221; woodmart_stretch_content=&#8221;section-stretch-content&#8221; woodmart_css_id=&#8221;69047ae8c316d&#8221; responsive_spacing=&#8221;eyJwYXJhbV90eXBlIjoid29vZG1hcnRfcmVzcG9uc2l2ZV9zcGFjaW5nIiwic2VsZWN0b3JfaWQiOiI2OTA0N2FlOGMzMTZkIiwic2hvcnRjb2RlIjoidmNfcm93IiwiZGF0YSI6eyJ0YWJsZXQiOnt9LCJtb2JpbGUiOnt9fX0=&#8221; mobile_bg_img_hidden=&#8221;no&#8221; tablet_bg_img_hidden=&#8221;no&#8221; woodmart_parallax=&#8221;0&#8243; woodmart_gradient_switch=&#8221;no&#8221; woodmart_box_shadow=&#8221;no&#8221; wd_z_index=&#8221;no&#8221; woodmart_disable_overflow=&#8221;0&#8243; row_reverse_mobile=&#8221;0&#8243; row_reverse_tablet=&#8221;0&#8243;][vc_column width=&#8221;1\/3&#8243;][\/vc_column][vc_column width=&#8221;2\/3&#8243;][vc_column_text css=&#8221;&#8221; woodmart_inline=&#8221;no&#8221; text_larger=&#8221;no&#8221;] ZZ<\/p>\n","protected":false},"author":1,"featured_media":0,"parent":0,"menu_order":0,"comment_status":"closed","ping_status":"closed","template":"","meta":{"footnotes":""},"class_list":["post-12739","page","type-page","status-publish","hentry"],"_links":{"self":[{"href":"https:\/\/site.e-soft.az\/az\/wp-json\/wp\/v2\/pages\/12739","targetHints":{"allow":["GET"]}}],"collection":[{"href":"https:\/\/site.e-soft.az\/az\/wp-json\/wp\/v2\/pages"}],"about":[{"href":"https:\/\/site.e-soft.az\/az\/wp-json\/wp\/v2\/types\/page"}],"author":[{"embeddable":true,"href":"https:\/\/site.e-soft.az\/az\/wp-json\/wp\/v2\/users\/1"}],"replies":[{"embeddable":true,"href":"https:\/\/site.e-soft.az\/az\/wp-json\/wp\/v2\/comments?post=12739"}],"version-history":[{"count":4,"href":"https:\/\/site.e-soft.az\/az\/wp-json\/wp\/v2\/pages\/12739\/revisions"}],"predecessor-version":[{"id":13230,"href":"https:\/\/site.e-soft.az\/az\/wp-json\/wp\/v2\/pages\/12739\/revisions\/13230"}],"wp:attachment":[{"href":"https:\/\/site.e-soft.az\/az\/wp-json\/wp\/v2\/media?parent=12739"}],"curies":[{"name":"wp","href":"https:\/\/api.w.org\/{rel}","templated":true}]}}