{"id":12751,"date":"2025-09-24T12:07:25","date_gmt":"2025-09-24T08:07:25","guid":{"rendered":"https:\/\/site.e-soft.az\/compare\/"},"modified":"2025-10-30T23:20:20","modified_gmt":"2025-10-30T19:20:20","slug":"compare","status":"publish","type":"page","link":"https:\/\/site.e-soft.az\/az\/compare\/","title":{"rendered":"M\u00c3\u00bcqayis\u00c9\u2122 et"},"content":{"rendered":"<div class=\"wpb-content-wrapper\"><p>[vc_row][vc_column]\t\t<p class=\"wd-empty-compare wd-empty-page\">\n\t\t\tM\u00fcqayis\u0259 siyah\u0131s\u0131 bo\u015fdur.\t\t<\/p>\n\t\t\t\t<p class=\"return-to-shop\">\n\t\t\t<a class=\"button\" href=\"https:\/\/site.e-soft.az\/az\/shop\/\">\n\t\t\t\tMa\u011fazaya Qay\u0131d\u0131n\t\t\t<\/a>\n\t\t<\/p>\n\t\t[\/vc_column][\/vc_row]<\/p>\n<\/div>","protected":false},"excerpt":{"rendered":"<p>[vc_row][vc_column][\/vc_column][\/vc_row]<\/p>\n","protected":false},"author":1,"featured_media":0,"parent":0,"menu_order":0,"comment_status":"closed","ping_status":"closed","template":"","meta":{"footnotes":""},"class_list":["post-12751","page","type-page","status-publish","hentry"],"_links":{"self":[{"href":"https:\/\/site.e-soft.az\/az\/wp-json\/wp\/v2\/pages\/12751","targetHints":{"allow":["GET"]}}],"collection":[{"href":"https:\/\/site.e-soft.az\/az\/wp-json\/wp\/v2\/pages"}],"about":[{"href":"https:\/\/site.e-soft.az\/az\/wp-json\/wp\/v2\/types\/page"}],"author":[{"embeddable":true,"href":"https:\/\/site.e-soft.az\/az\/wp-json\/wp\/v2\/users\/1"}],"replies":[{"embeddable":true,"href":"https:\/\/site.e-soft.az\/az\/wp-json\/wp\/v2\/comments?post=12751"}],"version-history":[{"count":1,"href":"https:\/\/site.e-soft.az\/az\/wp-json\/wp\/v2\/pages\/12751\/revisions"}],"predecessor-version":[{"id":13212,"href":"https:\/\/site.e-soft.az\/az\/wp-json\/wp\/v2\/pages\/12751\/revisions\/13212"}],"wp:attachment":[{"href":"https:\/\/site.e-soft.az\/az\/wp-json\/wp\/v2\/media?parent=12751"}],"curies":[{"name":"wp","href":"https:\/\/api.w.org\/{rel}","templated":true}]}}