{"id":12755,"date":"2025-09-24T12:22:38","date_gmt":"2025-09-24T08:22:38","guid":{"rendered":"https:\/\/site.e-soft.az\/wishlist\/"},"modified":"2025-10-30T23:21:34","modified_gmt":"2025-10-30T19:21:34","slug":"wishlist","status":"publish","type":"page","link":"https:\/\/site.e-soft.az\/az\/wishlist\/","title":{"rendered":"\u00c4\u00b0st\u00c9\u2122k siyah\u00c4\u00b1s\u00c4\u00b1"},"content":{"rendered":"<div class=\"wpb-content-wrapper\"><p>[vc_row][vc_column]\t\t\n\t\t\n\t\t<div class=\"\">\n\t\t\t\t\t\t<div class=\"wd-wishlist-content\">\n\t\t\t\t\t\t\t\t\t\t\t\n\t\t<p class=\"wd-empty-wishlist wd-empty-page\">\n\t\t\tBu ist\u0259k siyah\u0131s\u0131 bo\u015fdur.\t\t<\/p>\n\n\t\t\n\t\t\n\t\t\t\t\t<p class=\"return-to-shop\">\n\t\t\t\t<a class=\"button\" href=\"https:\/\/site.e-soft.az\/az\/shop\/\">\n\t\t\t\t\tMa\u011fazaya Qay\u0131d\u0131n\t\t\t\t<\/a>\n\t\t\t<\/p>\n\t\t\t\t\t\t\t\t\t\t\t<\/div>\n\t\t\t\t<\/div>\n\t\t[\/vc_column][\/vc_row]<\/p>\n<\/div>","protected":false},"excerpt":{"rendered":"<p>[vc_row][vc_column][\/vc_column][\/vc_row]<\/p>\n","protected":false},"author":1,"featured_media":0,"parent":0,"menu_order":0,"comment_status":"closed","ping_status":"closed","template":"","meta":{"footnotes":""},"class_list":["post-12755","page","type-page","status-publish","hentry"],"_links":{"self":[{"href":"https:\/\/site.e-soft.az\/az\/wp-json\/wp\/v2\/pages\/12755","targetHints":{"allow":["GET"]}}],"collection":[{"href":"https:\/\/site.e-soft.az\/az\/wp-json\/wp\/v2\/pages"}],"about":[{"href":"https:\/\/site.e-soft.az\/az\/wp-json\/wp\/v2\/types\/page"}],"author":[{"embeddable":true,"href":"https:\/\/site.e-soft.az\/az\/wp-json\/wp\/v2\/users\/1"}],"replies":[{"embeddable":true,"href":"https:\/\/site.e-soft.az\/az\/wp-json\/wp\/v2\/comments?post=12755"}],"version-history":[{"count":1,"href":"https:\/\/site.e-soft.az\/az\/wp-json\/wp\/v2\/pages\/12755\/revisions"}],"predecessor-version":[{"id":13213,"href":"https:\/\/site.e-soft.az\/az\/wp-json\/wp\/v2\/pages\/12755\/revisions\/13213"}],"wp:attachment":[{"href":"https:\/\/site.e-soft.az\/az\/wp-json\/wp\/v2\/media?parent=12755"}],"curies":[{"name":"wp","href":"https:\/\/api.w.org\/{rel}","templated":true}]}}