{"id":13320,"date":"2025-10-31T15:09:46","date_gmt":"2025-10-31T11:09:46","guid":{"rendered":"https:\/\/site.e-soft.az\/product\/kriloon-sag-t%c9%99r%c9%99f\/"},"modified":"2025-10-31T15:09:46","modified_gmt":"2025-10-31T11:09:46","slug":"kriloon-sag-t%c9%99r%c9%99f","status":"publish","type":"product","link":"https:\/\/site.e-soft.az\/az\/M\u00c9\u2122hsullar\/kriloon-sag-t%c9%99r%c9%99f\/","title":{"rendered":"Kr\u00c4\u00b1lo(\u00c3\u00b6n sa\u00c4\u0178 t\u00c9\u2122r\u00c9\u2122f)"},"content":{"rendered":"","protected":false},"excerpt":{"rendered":"","protected":false},"featured_media":13318,"comment_status":"open","ping_status":"closed","template":"","meta":[],"product_brand":[128],"product_cat":[134],"product_tag":[],"class_list":{"0":"post-13320","1":"product","2":"type-product","3":"status-publish","4":"has-post-thumbnail","6":"product_brand-yapon","7":"product_cat-yapon-az","9":"first","10":"instock","11":"shipping-taxable","12":"purchasable","13":"product-type-simple"},"_links":{"self":[{"href":"https:\/\/site.e-soft.az\/az\/wp-json\/wp\/v2\/product\/13320","targetHints":{"allow":["GET"]}}],"collection":[{"href":"https:\/\/site.e-soft.az\/az\/wp-json\/wp\/v2\/product"}],"about":[{"href":"https:\/\/site.e-soft.az\/az\/wp-json\/wp\/v2\/types\/product"}],"replies":[{"embeddable":true,"href":"https:\/\/site.e-soft.az\/az\/wp-json\/wp\/v2\/comments?post=13320"}],"wp:featuredmedia":[{"embeddable":true,"href":"https:\/\/site.e-soft.az\/az\/wp-json\/wp\/v2\/media\/13318"}],"wp:attachment":[{"href":"https:\/\/site.e-soft.az\/az\/wp-json\/wp\/v2\/media?parent=13320"}],"wp:term":[{"taxonomy":"product_brand","embeddable":true,"href":"https:\/\/site.e-soft.az\/az\/wp-json\/wp\/v2\/product_brand?post=13320"},{"taxonomy":"product_cat","embeddable":true,"href":"https:\/\/site.e-soft.az\/az\/wp-json\/wp\/v2\/product_cat?post=13320"},{"taxonomy":"product_tag","embeddable":true,"href":"https:\/\/site.e-soft.az\/az\/wp-json\/wp\/v2\/product_tag?post=13320"}],"curies":[{"name":"wp","href":"https:\/\/api.w.org\/{rel}","templated":true}]}}