{"id":12632,"date":"2025-09-15T13:27:45","date_gmt":"2025-09-15T09:27:45","guid":{"rendered":"https:\/\/site.e-soft.az\/my-account\/"},"modified":"2025-09-15T14:58:19","modified_gmt":"2025-09-15T10:58:19","slug":"my-account","status":"publish","type":"page","link":"https:\/\/site.e-soft.az\/ru\/my-account\/","title":{"rendered":"\u00d0\u0153\u00d0\u00be\u00d0\u00b9 \u00d0\u00ba\u00d0\u00b0\u00d0\u00b1\u00d0\u00b8\u00d0\u00bd\u00d0\u00b5\u00d1\u201a"},"content":{"rendered":"<div class=\"woocommerce\"><\/div>\n","protected":false},"excerpt":{"rendered":"","protected":false},"author":1,"featured_media":0,"parent":0,"menu_order":0,"comment_status":"closed","ping_status":"closed","template":"","meta":{"footnotes":""},"class_list":["post-12632","page","type-page","status-publish","hentry"],"_links":{"self":[{"href":"https:\/\/site.e-soft.az\/ru\/wp-json\/wp\/v2\/pages\/12632","targetHints":{"allow":["GET"]}}],"collection":[{"href":"https:\/\/site.e-soft.az\/ru\/wp-json\/wp\/v2\/pages"}],"about":[{"href":"https:\/\/site.e-soft.az\/ru\/wp-json\/wp\/v2\/types\/page"}],"author":[{"embeddable":true,"href":"https:\/\/site.e-soft.az\/ru\/wp-json\/wp\/v2\/users\/1"}],"replies":[{"embeddable":true,"href":"https:\/\/site.e-soft.az\/ru\/wp-json\/wp\/v2\/comments?post=12632"}],"version-history":[{"count":1,"href":"https:\/\/site.e-soft.az\/ru\/wp-json\/wp\/v2\/pages\/12632\/revisions"}],"predecessor-version":[{"id":12690,"href":"https:\/\/site.e-soft.az\/ru\/wp-json\/wp\/v2\/pages\/12632\/revisions\/12690"}],"wp:attachment":[{"href":"https:\/\/site.e-soft.az\/ru\/wp-json\/wp\/v2\/media?parent=12632"}],"curies":[{"name":"wp","href":"https:\/\/api.w.org\/{rel}","templated":true}]}}