{"id":12740,"date":"2021-08-25T07:26:28","date_gmt":"2021-08-25T03:26:28","guid":{"rendered":"https:\/\/site.e-soft.az\/about-us\/"},"modified":"2025-10-31T13:27:27","modified_gmt":"2025-10-31T09:27:27","slug":"about-us","status":"publish","type":"page","link":"https:\/\/site.e-soft.az\/ru\/about-us\/","title":{"rendered":"\u00d0\u017e \u00d0\u00bd\u00d0\u00b0\u00d1\u0081"},"content":{"rendered":"<div class=\"wpb-content-wrapper\"><p>[vc_row full_width=&#187;stretch_row_content&#187; woodmart_stretch_content=&#187;section-stretch-content&#187; woodmart_css_id=&#187;69047b14bbc6b&#187; responsive_spacing=&#187;eyJwYXJhbV90eXBlIjoid29vZG1hcnRfcmVzcG9uc2l2ZV9zcGFjaW5nIiwic2VsZWN0b3JfaWQiOiI2OTA0N2IxNGJiYzZiIiwic2hvcnRjb2RlIjoidmNfcm93IiwiZGF0YSI6eyJ0YWJsZXQiOnt9LCJtb2JpbGUiOnt9fX0=&#187; mobile_bg_img_hidden=&#187;no&#187; tablet_bg_img_hidden=&#187;no&#187; woodmart_parallax=&#187;0&#8243; woodmart_gradient_switch=&#187;no&#187; woodmart_box_shadow=&#187;no&#187; wd_z_index=&#187;no&#187; woodmart_disable_overflow=&#187;0&#8243; row_reverse_mobile=&#187;0&#8243; row_reverse_tablet=&#187;0&#8243;][vc_column width=&#187;1\/3&#8243;]\t\t<div id=\"gallery_402\" class=\"wd-images-gallery wd-wpb wd-rs-69047b1c57e2e photoswipe-images wd-carousel-container wd-wpb\" style=\"--wd-justify-content:center;--wd-align-items:center;\">\n\t\t\t\t\t\t\t<div class=\"wd-carousel-inner\">\n\t\t\t\n\t\t\t<div class=\" wd-carousel wd-grid\"data-speed=\"3000\" data-wrap=\"yes\" data-autoplay=\"yes\" data-scroll_per_page=\"yes\" style=\"--wd-col-lg:1;--wd-col-md:1;--wd-col-sm:1;--wd-gap-lg:0px;\">\n\t\t\t\t\t\t\t\t\t<div class=\"wd-carousel-wrap\">\n\t\t\t\t\n\t\t\t\t\t\t\t\t\t\t\t\t\t\t\t<div class=\"wd-gallery-item wd-carousel-item\">\n\t\t\t\t\t\t\t\t\t\t\t\t\t\t<a href=\"https:\/\/site.e-soft.az\/wp-content\/uploads\/2025\/10\/zz-sekiller-4.jpg\" data-elementor-open-lightbox=\"no\" data-index=\"1\" data-width=\"1920\" data-height=\"1080\" \n\t\t\t\t\t\t\t\t\t\t\t\t >\n\t\t\t\t\t\t\t\t\n\t\t\t\t\t\t\t\t<img loading=\"lazy\" decoding=\"async\" width=\"1920\" height=\"1080\" src=\"https:\/\/site.e-soft.az\/wp-content\/uploads\/2025\/10\/zz-sekiller-4.jpg\" class=\"wd-gallery-image image-1\" alt=\"\" srcset=\"https:\/\/site.e-soft.az\/wp-content\/uploads\/2025\/10\/zz-sekiller-4.jpg 1920w, https:\/\/site.e-soft.az\/wp-content\/uploads\/2025\/10\/zz-sekiller-4-400x225.jpg 400w, https:\/\/site.e-soft.az\/wp-content\/uploads\/2025\/10\/zz-sekiller-4-1300x731.jpg 1300w, https:\/\/site.e-soft.az\/wp-content\/uploads\/2025\/10\/zz-sekiller-4-768x432.jpg 768w, https:\/\/site.e-soft.az\/wp-content\/uploads\/2025\/10\/zz-sekiller-4-1536x864.jpg 1536w, https:\/\/site.e-soft.az\/wp-content\/uploads\/2025\/10\/zz-sekiller-4-430x242.jpg 430w, https:\/\/site.e-soft.az\/wp-content\/uploads\/2025\/10\/zz-sekiller-4-700x394.jpg 700w, https:\/\/site.e-soft.az\/wp-content\/uploads\/2025\/10\/zz-sekiller-4-150x84.jpg 150w\" sizes=\"auto, (max-width: 1920px) 100vw, 1920px\" \/>\n\t\t\t\t\t\t\t\t\t\t\t\t\t\t\t<\/a>\n\t\t\t\t\t\t\t\t\t\t\t\t<\/div>\n\t\t\t\t\t\t\t\t\t\t\t<div class=\"wd-gallery-item wd-carousel-item\">\n\t\t\t\t\t\t\t\t\t\t\t\t\t\t<a href=\"https:\/\/site.e-soft.az\/wp-content\/uploads\/2025\/10\/zz-sekiller-3.jpg\" data-elementor-open-lightbox=\"no\" data-index=\"2\" data-width=\"1920\" data-height=\"1080\" \n\t\t\t\t\t\t\t\t\t\t\t\t >\n\t\t\t\t\t\t\t\t\n\t\t\t\t\t\t\t\t<img loading=\"lazy\" decoding=\"async\" width=\"1920\" height=\"1080\" src=\"https:\/\/site.e-soft.az\/wp-content\/uploads\/2025\/10\/zz-sekiller-3.jpg\" class=\"wd-gallery-image image-2\" alt=\"\" srcset=\"https:\/\/site.e-soft.az\/wp-content\/uploads\/2025\/10\/zz-sekiller-3.jpg 1920w, https:\/\/site.e-soft.az\/wp-content\/uploads\/2025\/10\/zz-sekiller-3-400x225.jpg 400w, https:\/\/site.e-soft.az\/wp-content\/uploads\/2025\/10\/zz-sekiller-3-1300x731.jpg 1300w, https:\/\/site.e-soft.az\/wp-content\/uploads\/2025\/10\/zz-sekiller-3-768x432.jpg 768w, https:\/\/site.e-soft.az\/wp-content\/uploads\/2025\/10\/zz-sekiller-3-1536x864.jpg 1536w, https:\/\/site.e-soft.az\/wp-content\/uploads\/2025\/10\/zz-sekiller-3-430x242.jpg 430w, https:\/\/site.e-soft.az\/wp-content\/uploads\/2025\/10\/zz-sekiller-3-700x394.jpg 700w, https:\/\/site.e-soft.az\/wp-content\/uploads\/2025\/10\/zz-sekiller-3-150x84.jpg 150w\" sizes=\"auto, (max-width: 1920px) 100vw, 1920px\" \/>\n\t\t\t\t\t\t\t\t\t\t\t\t\t\t\t<\/a>\n\t\t\t\t\t\t\t\t\t\t\t\t<\/div>\n\t\t\t\t\t\t\t\t\t\t\t<div class=\"wd-gallery-item wd-carousel-item\">\n\t\t\t\t\t\t\t\t\t\t\t\t\t\t<a href=\"https:\/\/site.e-soft.az\/wp-content\/uploads\/2025\/10\/zz-sekiller-2.jpg\" data-elementor-open-lightbox=\"no\" data-index=\"3\" data-width=\"1920\" data-height=\"1080\" \n\t\t\t\t\t\t\t\t\t\t\t\t >\n\t\t\t\t\t\t\t\t\n\t\t\t\t\t\t\t\t<img loading=\"lazy\" decoding=\"async\" width=\"1920\" height=\"1080\" src=\"https:\/\/site.e-soft.az\/wp-content\/uploads\/2025\/10\/zz-sekiller-2.jpg\" class=\"wd-gallery-image image-3\" alt=\"\" srcset=\"https:\/\/site.e-soft.az\/wp-content\/uploads\/2025\/10\/zz-sekiller-2.jpg 1920w, https:\/\/site.e-soft.az\/wp-content\/uploads\/2025\/10\/zz-sekiller-2-400x225.jpg 400w, https:\/\/site.e-soft.az\/wp-content\/uploads\/2025\/10\/zz-sekiller-2-1300x731.jpg 1300w, https:\/\/site.e-soft.az\/wp-content\/uploads\/2025\/10\/zz-sekiller-2-768x432.jpg 768w, https:\/\/site.e-soft.az\/wp-content\/uploads\/2025\/10\/zz-sekiller-2-1536x864.jpg 1536w, https:\/\/site.e-soft.az\/wp-content\/uploads\/2025\/10\/zz-sekiller-2-430x242.jpg 430w, https:\/\/site.e-soft.az\/wp-content\/uploads\/2025\/10\/zz-sekiller-2-700x394.jpg 700w, https:\/\/site.e-soft.az\/wp-content\/uploads\/2025\/10\/zz-sekiller-2-150x84.jpg 150w\" sizes=\"auto, (max-width: 1920px) 100vw, 1920px\" \/>\n\t\t\t\t\t\t\t\t\t\t\t\t\t\t\t<\/a>\n\t\t\t\t\t\t\t\t\t\t\t\t<\/div>\n\t\t\t\t\t\t\t\t\t\t\t<div class=\"wd-gallery-item wd-carousel-item\">\n\t\t\t\t\t\t\t\t\t\t\t\t\t\t<a href=\"https:\/\/site.e-soft.az\/wp-content\/uploads\/2025\/10\/zz-sekil-1.jpg\" data-elementor-open-lightbox=\"no\" data-index=\"4\" data-width=\"1920\" data-height=\"1080\" \n\t\t\t\t\t\t\t\t\t\t\t\t >\n\t\t\t\t\t\t\t\t\n\t\t\t\t\t\t\t\t<img loading=\"lazy\" decoding=\"async\" width=\"1920\" height=\"1080\" src=\"https:\/\/site.e-soft.az\/wp-content\/uploads\/2025\/10\/zz-sekil-1.jpg\" class=\"wd-gallery-image image-4\" alt=\"\" srcset=\"https:\/\/site.e-soft.az\/wp-content\/uploads\/2025\/10\/zz-sekil-1.jpg 1920w, https:\/\/site.e-soft.az\/wp-content\/uploads\/2025\/10\/zz-sekil-1-400x225.jpg 400w, https:\/\/site.e-soft.az\/wp-content\/uploads\/2025\/10\/zz-sekil-1-1300x731.jpg 1300w, https:\/\/site.e-soft.az\/wp-content\/uploads\/2025\/10\/zz-sekil-1-768x432.jpg 768w, https:\/\/site.e-soft.az\/wp-content\/uploads\/2025\/10\/zz-sekil-1-1536x864.jpg 1536w, https:\/\/site.e-soft.az\/wp-content\/uploads\/2025\/10\/zz-sekil-1-430x242.jpg 430w, https:\/\/site.e-soft.az\/wp-content\/uploads\/2025\/10\/zz-sekil-1-700x394.jpg 700w, https:\/\/site.e-soft.az\/wp-content\/uploads\/2025\/10\/zz-sekil-1-150x84.jpg 150w\" sizes=\"auto, (max-width: 1920px) 100vw, 1920px\" \/>\n\t\t\t\t\t\t\t\t\t\t\t\t\t\t\t<\/a>\n\t\t\t\t\t\t\t\t\t\t\t\t<\/div>\n\t\t\t\t\t\t\t\t\t\n\t\t\t\t\t\t\t\t\t<\/div>\n\t\t\t\t\t\t\t<\/div>\n\n\t\t\t\t\t\t\t\t\t\t\t\t\t\t<div class=\"wd-nav-arrows wd-pos-sep wd-hover-1 wd-icon-1\">\n\t\t\t<div class=\"wd-btn-arrow wd-prev wd-disabled\">\n\t\t\t\t<div class=\"wd-arrow-inner\"><\/div>\n\t\t\t<\/div>\n\t\t\t<div class=\"wd-btn-arrow wd-next\">\n\t\t\t\t<div class=\"wd-arrow-inner\"><\/div>\n\t\t\t<\/div>\n\t\t<\/div>\n\t\t\t\t\t\t\n\t\t\t\t<\/div>\n\n\t\t\t\t\t\t<div class=\"wd-nav-pagin-wrap text-center wd-style-shape wd-hide-md-sm wd-hide-sm\">\n\t\t\t<ul class=\"wd-nav-pagin\"><\/ul>\n\t\t<\/div>\n\t\t\t\t\t\t\t\t\t\t\t<\/div>\n\t\t[\/vc_column][vc_column width=&#187;2\/3&#8243;][vc_column_text css=&#187;&#187; woodmart_inline=&#187;no&#187; text_larger=&#187;no&#187;]<\/p>\n<div>\n<div>\n<div>\u00c2\u00a0ZZ Motors est.1991 LLC \u00d1\u0081 1991 \u00d0\u00b3\u00d0\u00be\u00d0\u00b4\u00d0\u00b0 \u00d1\u0192\u00d1\u0081\u00d0\u00bf\u00d0\u00b5\u00d1\u02c6\u00d0\u00bd\u00d0\u00be \u00d1\u20ac\u00d0\u00b0\u00d0\u00b1\u00d0\u00be\u00d1\u201a\u00d0\u00b0\u00d0\u00b5\u00d1\u201a \u00d0\u00bd\u00d0\u00b0 \u00d1\u20ac\u00d1\u2039\u00d0\u00bd\u00d0\u00ba\u00d0\u00b5 \u00d0\u00b0\u00d0\u00b2\u00d1\u201a\u00d0\u00be\u00d0\u00bc\u00d0\u00be\u00d0\u00b1\u00d0\u00b8\u00d0\u00bb\u00d1\u0152\u00d0\u00bd\u00d1\u2039\u00d1\u2026 \u00d0\u00b7\u00d0\u00b0\u00d0\u00bf\u00d0\u00b0\u00d1\u0081\u00d0\u00bd\u00d1\u2039\u00d1\u2026 \u00d1\u2021\u00d0\u00b0\u00d1\u0081\u00d1\u201a\u00d0\u00b5\u00d0\u00b9 \u00d0\u00b8 \u00d0\u00b7\u00d0\u00b0 \u00d1\u008d\u00d1\u201a\u00d0\u00be \u00d0\u00b2\u00d1\u20ac\u00d0\u00b5\u00d0\u00bc\u00d1\u008f \u00d0\u00bf\u00d1\u20ac\u00d0\u00b5\u00d0\u00b2\u00d1\u20ac\u00d0\u00b0\u00d1\u201a\u00d0\u00b8\u00d0\u00bb\u00d0\u00b0\u00d1\u0081\u00d1\u0152 \u00d0\u00b2 \u00d0\u00be\u00d0\u00b4\u00d0\u00bd\u00d1\u0192 \u00d0\u00b8\u00d0\u00b7 \u00d1\u0081\u00d0\u00b0\u00d0\u00bc\u00d1\u2039\u00d1\u2026 \u00d0\u00b8\u00d0\u00b7\u00d0\u00b2\u00d0\u00b5\u00d1\u0081\u00d1\u201a\u00d0\u00bd\u00d1\u2039\u00d1\u2026 \u00d0\u00ba\u00d0\u00be\u00d0\u00bc\u00d0\u00bf\u00d0\u00b0\u00d0\u00bd\u00d0\u00b8\u00d0\u00b9 \u00d0\u0090\u00d0\u00b7\u00d0\u00b5\u00d1\u20ac\u00d0\u00b1\u00d0\u00b0\u00d0\u00b9\u00d0\u00b4\u00d0\u00b6\u00d0\u00b0\u00d0\u00bd\u00d0\u00b0 \u00d0\u00b2 \u00d0\u00b4\u00d0\u00b0\u00d0\u00bd\u00d0\u00bd\u00d0\u00be\u00d0\u00b9 \u00d1\u0081\u00d1\u201e\u00d0\u00b5\u00d1\u20ac\u00d0\u00b5.<\/div>\n<div>\u00d0\u00a1 \u00d0\u00bf\u00d0\u00b5\u00d1\u20ac\u00d0\u00b2\u00d0\u00be\u00d0\u00b3\u00d0\u00be \u00d0\u00b4\u00d0\u00bd\u00d1\u008f \u00d0\u00bd\u00d0\u00b0\u00d1\u02c6\u00d0\u00b5\u00d0\u00b9 \u00d0\u00b4\u00d0\u00b5\u00d1\u008f\u00d1\u201a\u00d0\u00b5\u00d0\u00bb\u00d1\u0152\u00d0\u00bd\u00d0\u00be\u00d1\u0081\u00d1\u201a\u00d0\u00b8 \u00d0\u00be\u00d1\u0081\u00d0\u00bd\u00d0\u00be\u00d0\u00b2\u00d0\u00bd\u00d0\u00be\u00d0\u00b9 \u00d1\u2020\u00d0\u00b5\u00d0\u00bb\u00d1\u0152\u00d1\u017d \u00d0\u00b1\u00d1\u2039\u00d0\u00bb\u00d0\u00be \u00d0\u00bf\u00d1\u20ac\u00d0\u00b5\u00d0\u00b4\u00d0\u00be\u00d1\u0081\u00d1\u201a\u00d0\u00b0\u00d0\u00b2\u00d0\u00bb\u00d0\u00b5\u00d0\u00bd\u00d0\u00b8\u00d0\u00b5 \u00d0\u00ba\u00d0\u00bb\u00d0\u00b8\u00d0\u00b5\u00d0\u00bd\u00d1\u201a\u00d0\u00b0\u00d0\u00bc \u00d0\u00ba\u00d0\u00b0\u00d1\u2021\u00d0\u00b5\u00d1\u0081\u00d1\u201a\u00d0\u00b2\u00d0\u00b5\u00d0\u00bd\u00d0\u00bd\u00d1\u2039\u00d1\u2026, \u00d0\u00bd\u00d0\u00b0\u00d0\u00b4\u00d0\u00b5\u00d0\u00b6\u00d0\u00bd\u00d1\u2039\u00d1\u2026 \u00d0\u00b8 \u00d0\u00b4\u00d0\u00be\u00d0\u00bb\u00d0\u00b3\u00d0\u00be\u00d0\u00b2\u00d0\u00b5\u00d1\u2021\u00d0\u00bd\u00d1\u2039\u00d1\u2026 \u00d0\u00b0\u00d0\u00b2\u00d1\u201a\u00d0\u00be\u00d0\u00b7\u00d0\u00b0\u00d0\u00bf\u00d1\u2021\u00d0\u00b0\u00d1\u0081\u00d1\u201a\u00d0\u00b5\u00d0\u00b9.<\/div>\n<div><\/div>\n<div>\u00d0\u009d\u00d0\u00b0 \u00d0\u00bf\u00d1\u20ac\u00d0\u00be\u00d1\u201a\u00d1\u008f\u00d0\u00b6\u00d0\u00b5\u00d0\u00bd\u00d0\u00b8\u00d0\u00b8 \u00d0\u00b1\u00d0\u00be\u00d0\u00bb\u00d0\u00b5\u00d0\u00b5 \u00d1\u2021\u00d0\u00b5\u00d0\u00bc 34 \u00d0\u00bb\u00d0\u00b5\u00d1\u201a ZZ Motors \u00d0\u00be\u00d1\u0081\u00d1\u0192\u00d1\u2030\u00d0\u00b5\u00d1\u0081\u00d1\u201a\u00d0\u00b2\u00d0\u00bb\u00d1\u008f\u00d0\u00b5\u00d1\u201a \u00d0\u00bf\u00d1\u20ac\u00d0\u00be\u00d0\u00b4\u00d0\u00b0\u00d0\u00b6\u00d1\u0192 \u00d0\u00b7\u00d0\u00b0\u00d0\u00bf\u00d0\u00b0\u00d1\u0081\u00d0\u00bd\u00d1\u2039\u00d1\u2026 \u00d1\u2021\u00d0\u00b0\u00d1\u0081\u00d1\u201a\u00d0\u00b5\u00d0\u00b9 \u00d0\u00b4\u00d0\u00bb\u00d1\u008f \u00d1\u20ac\u00d0\u00b0\u00d0\u00b7\u00d0\u00bb\u00d0\u00b8\u00d1\u2021\u00d0\u00bd\u00d1\u2039\u00d1\u2026 \u00d0\u00bc\u00d0\u00b0\u00d1\u20ac\u00d0\u00be\u00d0\u00ba \u00d0\u00b0\u00d0\u00b2\u00d1\u201a\u00d0\u00be\u00d0\u00bc\u00d0\u00be\u00d0\u00b1\u00d0\u00b8\u00d0\u00bb\u00d0\u00b5\u00d0\u00b9. \u00d0\u2018\u00d0\u00bb\u00d0\u00b0\u00d0\u00b3\u00d0\u00be\u00d0\u00b4\u00d0\u00b0\u00d1\u20ac\u00d1\u008f \u00d0\u00bd\u00d0\u00b0\u00d0\u00ba\u00d0\u00be\u00d0\u00bf\u00d0\u00bb\u00d0\u00b5\u00d0\u00bd\u00d0\u00bd\u00d0\u00be\u00d0\u00bc\u00d1\u0192 \u00d0\u00be\u00d0\u00bf\u00d1\u2039\u00d1\u201a\u00d1\u0192, \u00d0\u00bf\u00d1\u20ac\u00d0\u00be\u00d1\u201e\u00d0\u00b5\u00d1\u0081\u00d1\u0081\u00d0\u00b8\u00d0\u00be\u00d0\u00bd\u00d0\u00b0\u00d0\u00bb\u00d1\u0152\u00d0\u00bd\u00d0\u00be\u00d0\u00b9 \u00d0\u00ba\u00d0\u00be\u00d0\u00bc\u00d0\u00b0\u00d0\u00bd\u00d0\u00b4\u00d0\u00b5 \u00d0\u00b8 \u00d1\u02c6\u00d0\u00b8\u00d1\u20ac\u00d0\u00be\u00d0\u00ba\u00d0\u00be\u00d0\u00bc\u00d1\u0192 \u00d0\u00b0\u00d1\u0081\u00d1\u0081\u00d0\u00be\u00d1\u20ac\u00d1\u201a\u00d0\u00b8\u00d0\u00bc\u00d0\u00b5\u00d0\u00bd\u00d1\u201a\u00d1\u0192 \u00d0\u00bf\u00d1\u20ac\u00d0\u00be\u00d0\u00b4\u00d1\u0192\u00d0\u00ba\u00d1\u2020\u00d0\u00b8\u00d0\u00b8, \u00d1\u0081\u00d0\u00b5\u00d0\u00b3\u00d0\u00be\u00d0\u00b4\u00d0\u00bd\u00d1\u008f \u00d0\u00bc\u00d1\u2039 \u00d0\u00b7\u00d0\u00b0\u00d1\u0081\u00d0\u00bb\u00d1\u0192\u00d0\u00b6\u00d0\u00b8\u00d0\u00bb\u00d0\u00b8 \u00d0\u00b4\u00d0\u00be\u00d0\u00b2\u00d0\u00b5\u00d1\u20ac\u00d0\u00b8\u00d0\u00b5 \u00d0\u00ba\u00d0\u00b0\u00d0\u00ba \u00d1\u2021\u00d0\u00b0\u00d1\u0081\u00d1\u201a\u00d0\u00bd\u00d1\u2039\u00d1\u2026 \u00d0\u00ba\u00d0\u00bb\u00d0\u00b8\u00d0\u00b5\u00d0\u00bd\u00d1\u201a\u00d0\u00be\u00d0\u00b2, \u00d1\u201a\u00d0\u00b0\u00d0\u00ba \u00d0\u00b8 \u00d0\u00ba\u00d0\u00be\u00d1\u20ac\u00d0\u00bf\u00d0\u00be\u00d1\u20ac\u00d0\u00b0\u00d1\u201a\u00d0\u00b8\u00d0\u00b2\u00d0\u00bd\u00d1\u2039\u00d1\u2026 \u00d0\u00bf\u00d0\u00b0\u00d1\u20ac\u00d1\u201a\u00d0\u00bd\u00d1\u2018\u00d1\u20ac\u00d0\u00be\u00d0\u00b2.<\/div>\n<div>\u00d0\u2019 \u00d0\u00bd\u00d0\u00b0\u00d1\u02c6\u00d0\u00b5\u00d0\u00b9 \u00d0\u00ba\u00d0\u00be\u00d0\u00bc\u00d0\u00bf\u00d0\u00b0\u00d0\u00bd\u00d0\u00b8\u00d0\u00b8 \u00d0\u00b4\u00d0\u00b5\u00d0\u00b9\u00d1\u0081\u00d1\u201a\u00d0\u00b2\u00d1\u0192\u00d1\u017d\u00d1\u201a \u00d1\u0081\u00d0\u00bf\u00d0\u00b5\u00d1\u2020\u00d0\u00b8\u00d0\u00b0\u00d0\u00bb\u00d0\u00b8\u00d0\u00b7\u00d0\u00b8\u00d1\u20ac\u00d0\u00be\u00d0\u00b2\u00d0\u00b0\u00d0\u00bd\u00d0\u00bd\u00d1\u2039\u00d0\u00b5 \u00d0\u00be\u00d1\u201a\u00d0\u00b4\u00d0\u00b5\u00d0\u00bb\u00d1\u2039 \u00d0\u00bf\u00d0\u00be \u00d1\u20ac\u00d0\u00b0\u00d0\u00b7\u00d0\u00bb\u00d0\u00b8\u00d1\u2021\u00d0\u00bd\u00d1\u2039\u00d0\u00bc \u00d0\u00bc\u00d0\u00b0\u00d1\u20ac\u00d0\u00ba\u00d0\u00b0\u00d0\u00bc \u00d0\u00b0\u00d0\u00b2\u00d1\u201a\u00d0\u00be\u00d0\u00bc\u00d0\u00be\u00d0\u00b1\u00d0\u00b8\u00d0\u00bb\u00d0\u00b5\u00d0\u00b9:<\/div>\n<div>\u00e2\u20ac\u00a2\u00d0\u017e\u00d1\u201a\u00d0\u00b4\u00d0\u00b5\u00d0\u00bb \u00d0\u00b7\u00d0\u00b0\u00d0\u00bf\u00d0\u00b0\u00d1\u0081\u00d0\u00bd\u00d1\u2039\u00d1\u2026 \u00d1\u2021\u00d0\u00b0\u00d1\u0081\u00d1\u201a\u00d0\u00b5\u00d0\u00b9 \u00d0\u00b4\u00d0\u00bb\u00d1\u008f Mercedes-Benz<\/div>\n<div>\u00e2\u20ac\u00a2\u00d0\u017e\u00d1\u201a\u00d0\u00b4\u00d0\u00b5\u00d0\u00bb \u00d0\u00b7\u00d0\u00b0\u00d0\u00bf\u00d0\u00b0\u00d1\u0081\u00d0\u00bd\u00d1\u2039\u00d1\u2026 \u00d1\u2021\u00d0\u00b0\u00d1\u0081\u00d1\u201a\u00d0\u00b5\u00d0\u00b9 \u00d0\u00b4\u00d0\u00bb\u00d1\u008f BMW<\/div>\n<div>\u00e2\u20ac\u00a2\u00d0\u017e\u00d1\u201a\u00d0\u00b4\u00d0\u00b5\u00d0\u00bb \u00d0\u00b7\u00d0\u00b0\u00d0\u00bf\u00d0\u00b0\u00d1\u0081\u00d0\u00bd\u00d1\u2039\u00d1\u2026 \u00d1\u2021\u00d0\u00b0\u00d1\u0081\u00d1\u201a\u00d0\u00b5\u00d0\u00b9 \u00d0\u00b4\u00d0\u00bb\u00d1\u008f Land Rover<\/div>\n<div>\u00e2\u20ac\u00a2\u00d0\u017e\u00d1\u201a\u00d0\u00b4\u00d0\u00b5\u00d0\u00bb \u00d0\u00b7\u00d0\u00b0\u00d0\u00bf\u00d0\u00b0\u00d1\u0081\u00d0\u00bd\u00d1\u2039\u00d1\u2026 \u00d1\u2021\u00d0\u00b0\u00d1\u0081\u00d1\u201a\u00d0\u00b5\u00d0\u00b9 \u00d0\u00b4\u00d0\u00bb\u00d1\u008f \u00d0\u00b3\u00d1\u20ac\u00d1\u0192\u00d0\u00bf\u00d0\u00bf\u00d1\u2039 VAG (Volkswagen, Audi, Skoda, Seat)<\/div>\n<div>\u00e2\u20ac\u00a2\u00d0\u017e\u00d1\u201a\u00d0\u00b4\u00d0\u00b5\u00d0\u00bb \u00d0\u00b7\u00d0\u00b0\u00d0\u00bf\u00d0\u00b0\u00d1\u0081\u00d0\u00bd\u00d1\u2039\u00d1\u2026 \u00d1\u2021\u00d0\u00b0\u00d1\u0081\u00d1\u201a\u00d0\u00b5\u00d0\u00b9 \u00d0\u00b4\u00d0\u00bb\u00d1\u008f \u00d0\u00ba\u00d0\u00be\u00d1\u20ac\u00d0\u00b5\u00d0\u00b9\u00d1\u0081\u00d0\u00ba\u00d0\u00b8\u00d1\u2026 \u00d0\u00b0\u00d0\u00b2\u00d1\u201a\u00d0\u00be\u00d0\u00bc\u00d0\u00be\u00d0\u00b1\u00d0\u00b8\u00d0\u00bb\u00d0\u00b5\u00d0\u00b9<\/div>\n<div>\u00e2\u20ac\u00a2\u00d0\u017e\u00d1\u201a\u00d0\u00b4\u00d0\u00b5\u00d0\u00bb \u00d0\u00b7\u00d0\u00b0\u00d0\u00bf\u00d0\u00b0\u00d1\u0081\u00d0\u00bd\u00d1\u2039\u00d1\u2026 \u00d1\u2021\u00d0\u00b0\u00d1\u0081\u00d1\u201a\u00d0\u00b5\u00d0\u00b9 \u00d0\u00b4\u00d0\u00bb\u00d1\u008f \u00d1\u008f\u00d0\u00bf\u00d0\u00be\u00d0\u00bd\u00d1\u0081\u00d0\u00ba\u00d0\u00b8\u00d1\u2026 \u00d0\u00b0\u00d0\u00b2\u00d1\u201a\u00d0\u00be\u00d0\u00bc\u00d0\u00be\u00d0\u00b1\u00d0\u00b8\u00d0\u00bb\u00d0\u00b5\u00d0\u00b9<\/div>\n<div><\/div>\n<div>ZZ Motors est.1991 LLC \u00d0\u00bf\u00d1\u20ac\u00d0\u00b5\u00d0\u00b4\u00d0\u00be\u00d1\u0081\u00d1\u201a\u00d0\u00b0\u00d0\u00b2\u00d0\u00bb\u00d1\u008f\u00d0\u00b5\u00d1\u201a \u00d1\u0081\u00d0\u00b2\u00d0\u00be\u00d0\u00b8\u00d0\u00bc \u00d0\u00ba\u00d0\u00bb\u00d0\u00b8\u00d0\u00b5\u00d0\u00bd\u00d1\u201a\u00d0\u00b0\u00d0\u00bc \u00d1\u0192\u00d1\u0081\u00d0\u00bb\u00d1\u0192\u00d0\u00b3\u00d0\u00b8 \u00d0\u00ba\u00d0\u00b0\u00d0\u00ba \u00d0\u00be\u00d0\u00bf\u00d1\u201a\u00d0\u00be\u00d0\u00b2\u00d0\u00be\u00d0\u00b9, \u00d1\u201a\u00d0\u00b0\u00d0\u00ba \u00d0\u00b8 \u00d1\u20ac\u00d0\u00be\u00d0\u00b7\u00d0\u00bd\u00d0\u00b8\u00d1\u2021\u00d0\u00bd\u00d0\u00be\u00d0\u00b9 \u00d0\u00bf\u00d1\u20ac\u00d0\u00be\u00d0\u00b4\u00d0\u00b0\u00d0\u00b6\u00d0\u00b8. \u00d0\u201d\u00d0\u00bb\u00d1\u008f \u00d0\u00bd\u00d0\u00b0\u00d1\u0081 \u00d0\u00ba\u00d0\u00b0\u00d0\u00b6\u00d0\u00b4\u00d1\u2039\u00d0\u00b9 \u00d0\u00ba\u00d0\u00bb\u00d0\u00b8\u00d0\u00b5\u00d0\u00bd\u00d1\u201a \u00d1\u2020\u00d0\u00b5\u00d0\u00bd\u00d0\u00b5\u00d0\u00bd, \u00d0\u00b0 \u00d0\u00b2 \u00d0\u00be\u00d1\u0081\u00d0\u00bd\u00d0\u00be\u00d0\u00b2\u00d0\u00b5 \u00d0\u00bd\u00d0\u00b0\u00d1\u02c6\u00d0\u00b5\u00d0\u00b9 \u00d1\u20ac\u00d0\u00b0\u00d0\u00b1\u00d0\u00be\u00d1\u201a\u00d1\u2039 \u00d0\u00bb\u00d0\u00b5\u00d0\u00b6\u00d0\u00b0\u00d1\u201a \u00d0\u00b4\u00d0\u00be\u00d0\u00b2\u00d0\u00b5\u00d1\u20ac\u00d0\u00b8\u00d0\u00b5, \u00d0\u00ba\u00d0\u00b0\u00d1\u2021\u00d0\u00b5\u00d1\u0081\u00d1\u201a\u00d0\u00b2\u00d0\u00be \u00d0\u00b8 \u00d0\u00b4\u00d0\u00be\u00d0\u00bb\u00d0\u00b3\u00d0\u00be\u00d1\u0081\u00d1\u20ac\u00d0\u00be\u00d1\u2021\u00d0\u00bd\u00d0\u00be\u00d0\u00b5 \u00d1\u0081\u00d0\u00be\u00d1\u201a\u00d1\u20ac\u00d1\u0192\u00d0\u00b4\u00d0\u00bd\u00d0\u00b8\u00d1\u2021\u00d0\u00b5\u00d1\u0081\u00d1\u201a\u00d0\u00b2\u00d0\u00be.<\/div>\n<\/div>\n<\/div>\n<p>[\/vc_column_text][\/vc_column][\/vc_row]<\/p>\n<\/div>","protected":false},"excerpt":{"rendered":"<p>[vc_row full_width=&#187;stretch_row_content&#187; woodmart_stretch_content=&#187;section-stretch-content&#187; woodmart_css_id=&#187;69047b14bbc6b&#187; responsive_spacing=&#187;eyJwYXJhbV90eXBlIjoid29vZG1hcnRfcmVzcG9uc2l2ZV9zcGFjaW5nIiwic2VsZWN0b3JfaWQiOiI2OTA0N2IxNGJiYzZiIiwic2hvcnRjb2RlIjoidmNfcm93IiwiZGF0YSI6eyJ0YWJsZXQiOnt9LCJtb2JpbGUiOnt9fX0=&#187; mobile_bg_img_hidden=&#187;no&#187; tablet_bg_img_hidden=&#187;no&#187; woodmart_parallax=&#187;0&#8243; woodmart_gradient_switch=&#187;no&#187; woodmart_box_shadow=&#187;no&#187; wd_z_index=&#187;no&#187; woodmart_disable_overflow=&#187;0&#8243; row_reverse_mobile=&#187;0&#8243; row_reverse_tablet=&#187;0&#8243;][vc_column width=&#187;1\/3&#8243;][\/vc_column][vc_column width=&#187;2\/3&#8243;][vc_column_text css=&#187;&#187; woodmart_inline=&#187;no&#187; text_larger=&#187;no&#187;] \u00c2\u00a0ZZ<\/p>\n","protected":false},"author":1,"featured_media":0,"parent":0,"menu_order":0,"comment_status":"closed","ping_status":"closed","template":"","meta":{"footnotes":""},"class_list":["post-12740","page","type-page","status-publish","hentry"],"_links":{"self":[{"href":"https:\/\/site.e-soft.az\/ru\/wp-json\/wp\/v2\/pages\/12740","targetHints":{"allow":["GET"]}}],"collection":[{"href":"https:\/\/site.e-soft.az\/ru\/wp-json\/wp\/v2\/pages"}],"about":[{"href":"https:\/\/site.e-soft.az\/ru\/wp-json\/wp\/v2\/types\/page"}],"author":[{"embeddable":true,"href":"https:\/\/site.e-soft.az\/ru\/wp-json\/wp\/v2\/users\/1"}],"replies":[{"embeddable":true,"href":"https:\/\/site.e-soft.az\/ru\/wp-json\/wp\/v2\/comments?post=12740"}],"version-history":[{"count":5,"href":"https:\/\/site.e-soft.az\/ru\/wp-json\/wp\/v2\/pages\/12740\/revisions"}],"predecessor-version":[{"id":13231,"href":"https:\/\/site.e-soft.az\/ru\/wp-json\/wp\/v2\/pages\/12740\/revisions\/13231"}],"wp:attachment":[{"href":"https:\/\/site.e-soft.az\/ru\/wp-json\/wp\/v2\/media?parent=12740"}],"curies":[{"name":"wp","href":"https:\/\/api.w.org\/{rel}","templated":true}]}}