{"id":13329,"date":"2025-10-31T15:04:32","date_gmt":"2025-10-31T11:04:32","guid":{"rendered":"https:\/\/site.e-soft.az\/product\/dirs%c9%99kli-valin-skifi\/"},"modified":"2025-10-31T15:04:32","modified_gmt":"2025-10-31T11:04:32","slug":"dirs%c9%99kli-valin-skifi","status":"publish","type":"product","link":"https:\/\/site.e-soft.az\/ru\/\u00d0\u0178\u00d1\u20ac\u00d0\u00be\u00d0\u00b4\u00d1\u0192\u00d0\u00ba\u00d1\u2020\u00d0\u00b8\u00d1\u008f\/dirs%c9%99kli-valin-skifi\/","title":{"rendered":"Dirs\u00c9\u2122kli val\u00c4\u00b1n \u00c5\u0178kifi"},"content":{"rendered":"","protected":false},"excerpt":{"rendered":"","protected":false},"featured_media":13301,"comment_status":"open","ping_status":"closed","template":"","meta":[],"product_brand":[133],"product_cat":[139],"product_tag":[],"class_list":{"0":"post-13329","1":"product","2":"type-product","3":"status-publish","4":"has-post-thumbnail","6":"product_brand-hyundai","7":"product_cat-hyundai-ru","9":"first","10":"instock","11":"shipping-taxable","12":"purchasable","13":"product-type-simple"},"_links":{"self":[{"href":"https:\/\/site.e-soft.az\/ru\/wp-json\/wp\/v2\/product\/13329","targetHints":{"allow":["GET"]}}],"collection":[{"href":"https:\/\/site.e-soft.az\/ru\/wp-json\/wp\/v2\/product"}],"about":[{"href":"https:\/\/site.e-soft.az\/ru\/wp-json\/wp\/v2\/types\/product"}],"replies":[{"embeddable":true,"href":"https:\/\/site.e-soft.az\/ru\/wp-json\/wp\/v2\/comments?post=13329"}],"wp:featuredmedia":[{"embeddable":true,"href":"https:\/\/site.e-soft.az\/ru\/wp-json\/wp\/v2\/media\/13301"}],"wp:attachment":[{"href":"https:\/\/site.e-soft.az\/ru\/wp-json\/wp\/v2\/media?parent=13329"}],"wp:term":[{"taxonomy":"product_brand","embeddable":true,"href":"https:\/\/site.e-soft.az\/ru\/wp-json\/wp\/v2\/product_brand?post=13329"},{"taxonomy":"product_cat","embeddable":true,"href":"https:\/\/site.e-soft.az\/ru\/wp-json\/wp\/v2\/product_cat?post=13329"},{"taxonomy":"product_tag","embeddable":true,"href":"https:\/\/site.e-soft.az\/ru\/wp-json\/wp\/v2\/product_tag?post=13329"}],"curies":[{"name":"wp","href":"https:\/\/api.w.org\/{rel}","templated":true}]}}