{"id":13333,"date":"2025-10-31T15:01:57","date_gmt":"2025-10-31T11:01:57","guid":{"rendered":"https:\/\/site.e-soft.az\/product\/eyl%c9%99c-q%c9%99libi\/"},"modified":"2025-10-31T15:01:57","modified_gmt":"2025-10-31T11:01:57","slug":"eyl%c9%99c-q%c9%99libi","status":"publish","type":"product","link":"https:\/\/site.e-soft.az\/ru\/\u00d0\u0178\u00d1\u20ac\u00d0\u00be\u00d0\u00b4\u00d1\u0192\u00d0\u00ba\u00d1\u2020\u00d0\u00b8\u00d1\u008f\/eyl%c9%99c-q%c9%99libi\/","title":{"rendered":"\u00c6\u008fyl\u00c9\u2122c q\u00c9\u2122libi"},"content":{"rendered":"","protected":false},"excerpt":{"rendered":"","protected":false},"featured_media":13293,"comment_status":"open","ping_status":"closed","template":"","meta":[],"product_brand":[117],"product_cat":[137],"product_tag":[],"class_list":{"0":"post-13333","1":"product","2":"type-product","3":"status-publish","4":"has-post-thumbnail","6":"product_brand-land-rover","7":"product_cat-land-rover-ru","9":"first","10":"instock","11":"shipping-taxable","12":"purchasable","13":"product-type-simple"},"_links":{"self":[{"href":"https:\/\/site.e-soft.az\/ru\/wp-json\/wp\/v2\/product\/13333","targetHints":{"allow":["GET"]}}],"collection":[{"href":"https:\/\/site.e-soft.az\/ru\/wp-json\/wp\/v2\/product"}],"about":[{"href":"https:\/\/site.e-soft.az\/ru\/wp-json\/wp\/v2\/types\/product"}],"replies":[{"embeddable":true,"href":"https:\/\/site.e-soft.az\/ru\/wp-json\/wp\/v2\/comments?post=13333"}],"wp:featuredmedia":[{"embeddable":true,"href":"https:\/\/site.e-soft.az\/ru\/wp-json\/wp\/v2\/media\/13293"}],"wp:attachment":[{"href":"https:\/\/site.e-soft.az\/ru\/wp-json\/wp\/v2\/media?parent=13333"}],"wp:term":[{"taxonomy":"product_brand","embeddable":true,"href":"https:\/\/site.e-soft.az\/ru\/wp-json\/wp\/v2\/product_brand?post=13333"},{"taxonomy":"product_cat","embeddable":true,"href":"https:\/\/site.e-soft.az\/ru\/wp-json\/wp\/v2\/product_cat?post=13333"},{"taxonomy":"product_tag","embeddable":true,"href":"https:\/\/site.e-soft.az\/ru\/wp-json\/wp\/v2\/product_tag?post=13333"}],"curies":[{"name":"wp","href":"https:\/\/api.w.org\/{rel}","templated":true}]}}