{"id":13339,"date":"2025-10-31T14:56:21","date_gmt":"2025-10-31T10:56:21","guid":{"rendered":"https:\/\/site.e-soft.az\/product\/piston\/"},"modified":"2025-10-31T14:56:21","modified_gmt":"2025-10-31T10:56:21","slug":"piston","status":"publish","type":"product","link":"https:\/\/site.e-soft.az\/ru\/\u00d0\u0178\u00d1\u20ac\u00d0\u00be\u00d0\u00b4\u00d1\u0192\u00d0\u00ba\u00d1\u2020\u00d0\u00b8\u00d1\u008f\/piston\/","title":{"rendered":"Piston"},"content":{"rendered":"","protected":false},"excerpt":{"rendered":"","protected":false},"featured_media":13281,"comment_status":"open","ping_status":"closed","template":"","meta":[],"product_brand":[130],"product_cat":[143],"product_tag":[],"class_list":{"0":"post-13339","1":"product","2":"type-product","3":"status-publish","4":"has-post-thumbnail","6":"product_brand-koreya","7":"product_cat-koreya-ru","9":"first","10":"instock","11":"shipping-taxable","12":"purchasable","13":"product-type-simple"},"_links":{"self":[{"href":"https:\/\/site.e-soft.az\/ru\/wp-json\/wp\/v2\/product\/13339","targetHints":{"allow":["GET"]}}],"collection":[{"href":"https:\/\/site.e-soft.az\/ru\/wp-json\/wp\/v2\/product"}],"about":[{"href":"https:\/\/site.e-soft.az\/ru\/wp-json\/wp\/v2\/types\/product"}],"replies":[{"embeddable":true,"href":"https:\/\/site.e-soft.az\/ru\/wp-json\/wp\/v2\/comments?post=13339"}],"wp:featuredmedia":[{"embeddable":true,"href":"https:\/\/site.e-soft.az\/ru\/wp-json\/wp\/v2\/media\/13281"}],"wp:attachment":[{"href":"https:\/\/site.e-soft.az\/ru\/wp-json\/wp\/v2\/media?parent=13339"}],"wp:term":[{"taxonomy":"product_brand","embeddable":true,"href":"https:\/\/site.e-soft.az\/ru\/wp-json\/wp\/v2\/product_brand?post=13339"},{"taxonomy":"product_cat","embeddable":true,"href":"https:\/\/site.e-soft.az\/ru\/wp-json\/wp\/v2\/product_cat?post=13339"},{"taxonomy":"product_tag","embeddable":true,"href":"https:\/\/site.e-soft.az\/ru\/wp-json\/wp\/v2\/product_tag?post=13339"}],"curies":[{"name":"wp","href":"https:\/\/api.w.org\/{rel}","templated":true}]}}