{"id":13361,"date":"2025-10-31T14:12:22","date_gmt":"2025-10-31T10:12:22","guid":{"rendered":"https:\/\/site.e-soft.az\/product\/idar%c9%99etm%c9%99-qolu\/"},"modified":"2025-10-31T14:12:22","modified_gmt":"2025-10-31T10:12:22","slug":"idar%c9%99etm%c9%99-qolu","status":"publish","type":"product","link":"https:\/\/site.e-soft.az\/ru\/\u00d0\u0178\u00d1\u20ac\u00d0\u00be\u00d0\u00b4\u00d1\u0192\u00d0\u00ba\u00d1\u2020\u00d0\u00b8\u00d1\u008f\/idar%c9%99etm%c9%99-qolu\/","title":{"rendered":"Alt \u00c5\u0178aravoy"},"content":{"rendered":"","protected":false},"excerpt":{"rendered":"","protected":false},"featured_media":13236,"comment_status":"open","ping_status":"closed","template":"","meta":[],"product_brand":[123],"product_cat":[147],"product_tag":[],"class_list":{"0":"post-13361","1":"product","2":"type-product","3":"status-publish","4":"has-post-thumbnail","6":"product_brand-hyundai-kia","7":"product_cat-hyundai-kia-ru","9":"first","10":"instock","11":"shipping-taxable","12":"purchasable","13":"product-type-simple"},"_links":{"self":[{"href":"https:\/\/site.e-soft.az\/ru\/wp-json\/wp\/v2\/product\/13361","targetHints":{"allow":["GET"]}}],"collection":[{"href":"https:\/\/site.e-soft.az\/ru\/wp-json\/wp\/v2\/product"}],"about":[{"href":"https:\/\/site.e-soft.az\/ru\/wp-json\/wp\/v2\/types\/product"}],"replies":[{"embeddable":true,"href":"https:\/\/site.e-soft.az\/ru\/wp-json\/wp\/v2\/comments?post=13361"}],"wp:featuredmedia":[{"embeddable":true,"href":"https:\/\/site.e-soft.az\/ru\/wp-json\/wp\/v2\/media\/13236"}],"wp:attachment":[{"href":"https:\/\/site.e-soft.az\/ru\/wp-json\/wp\/v2\/media?parent=13361"}],"wp:term":[{"taxonomy":"product_brand","embeddable":true,"href":"https:\/\/site.e-soft.az\/ru\/wp-json\/wp\/v2\/product_brand?post=13361"},{"taxonomy":"product_cat","embeddable":true,"href":"https:\/\/site.e-soft.az\/ru\/wp-json\/wp\/v2\/product_cat?post=13361"},{"taxonomy":"product_tag","embeddable":true,"href":"https:\/\/site.e-soft.az\/ru\/wp-json\/wp\/v2\/product_tag?post=13361"}],"curies":[{"name":"wp","href":"https:\/\/api.w.org\/{rel}","templated":true}]}}